{"id":38,"date":"2019-03-07T13:51:15","date_gmt":"2019-03-07T13:51:15","guid":{"rendered":"http:\/\/delta-jurasovic.eu\/?page_id=38"},"modified":"2024-08-20T08:56:10","modified_gmt":"2024-08-20T08:56:10","slug":"o-nama-2","status":"publish","type":"page","link":"https:\/\/delta-jurasovic.eu\/de\/o-nama-2\/","title":{"rendered":"O nama"},"content":{"rendered":"\n<p>Tvrtka Delta Jurasovi\u0107 je utemeljena 1993 godine. Osniva\u010d i vlasnik tvrtke je gospodin Mladen Jurasovi\u0107. Od samih po\u010detaka postojanja i poslovanja bavimo se automatizacijom i elektronikom. Izgradnja i rekonstrukcija upravljanja na raznim vrstama objekata su na\u0161 fokus interesa. Rad sa provjerenom opremom vrhunskih svjetskih proizvo\u0111a\u010da te svakodnevne inovacije smo stavili kao na\u0161u misiju. Zadovoljan korisnik je najbolja preporuka. Stoga smo u cilju osiguranja i pobolj\u0161anja kvalitete proizvoda i usluga jo\u0161 2014. godine uveli ISO 9001 sustav upravljanja kvalitetom, iz kojeg ovdje donosimo Politiku kvalitete.<\/p>\n\n\n\n<p>S po\u0161tovanjem,<br>Mladen Jurasovi\u0107<\/p>\n\n\n\n<div class=\"wp-block-file\"><a id=\"wp-block-file--media-3a3dd2d7-905e-415b-899a-d11c085c429d\" href=\"https:\/\/delta-jurasovic.eu\/wp-content\/uploads\/2024\/08\/Politika_kvalitete_2021.pdf\">Politika_kvalitete_2021<\/a><a href=\"https:\/\/delta-jurasovic.eu\/wp-content\/uploads\/2024\/08\/Politika_kvalitete_2021.pdf\" class=\"wp-block-file__button wp-element-button\" download aria-describedby=\"wp-block-file--media-3a3dd2d7-905e-415b-899a-d11c085c429d\">Preuzmi<\/a><\/div>\n\n\n\n<p><\/p>\n","protected":false},"excerpt":{"rendered":"<p>Tvrtka Delta Jurasovi\u0107 je utemeljena 1993 godine. Osniva\u010d i vlasnik tvrtke je gospodin Mladen Jurasovi\u0107. Od samih po\u010detaka postojanja i poslovanja bavimo se automatizacijom i elektronikom. Izgradnja i rekonstrukcija upravljanja na raznim vrstama objekata su na\u0161 fokus interesa. Rad sa provjerenom opremom vrhunskih svjetskih proizvo\u0111a\u010da te svakodnevne inovacije smo stavili kao na\u0161u misiju. Zadovoljan korisnik &hellip; <\/p>\n<p class=\"link-more\"><a href=\"https:\/\/delta-jurasovic.eu\/de\/o-nama-2\/\" class=\"more-link\">Continue reading<span class=\"screen-reader-text\"> &#8220;O nama&#8221;<\/span><\/a><\/p>\n","protected":false},"author":1,"featured_media":102,"parent":0,"menu_order":0,"comment_status":"closed","ping_status":"closed","template":"","meta":{"footnotes":""},"class_list":["post-38","page","type-page","status-publish","has-post-thumbnail","hentry"],"translation":{"provider":"WPGlobus","version":"3.0.2","language":"de","enabled_languages":["hr","de"],"languages":{"hr":{"title":true,"content":true,"excerpt":false},"de":{"title":false,"content":false,"excerpt":false}}},"_links":{"self":[{"href":"https:\/\/delta-jurasovic.eu\/de\/wp-json\/wp\/v2\/pages\/38"}],"collection":[{"href":"https:\/\/delta-jurasovic.eu\/de\/wp-json\/wp\/v2\/pages"}],"about":[{"href":"https:\/\/delta-jurasovic.eu\/de\/wp-json\/wp\/v2\/types\/page"}],"author":[{"embeddable":true,"href":"https:\/\/delta-jurasovic.eu\/de\/wp-json\/wp\/v2\/users\/1"}],"replies":[{"embeddable":true,"href":"https:\/\/delta-jurasovic.eu\/de\/wp-json\/wp\/v2\/comments?post=38"}],"version-history":[{"count":5,"href":"https:\/\/delta-jurasovic.eu\/de\/wp-json\/wp\/v2\/pages\/38\/revisions"}],"predecessor-version":[{"id":116,"href":"https:\/\/delta-jurasovic.eu\/de\/wp-json\/wp\/v2\/pages\/38\/revisions\/116"}],"wp:featuredmedia":[{"embeddable":true,"href":"https:\/\/delta-jurasovic.eu\/de\/wp-json\/wp\/v2\/media\/102"}],"wp:attachment":[{"href":"https:\/\/delta-jurasovic.eu\/de\/wp-json\/wp\/v2\/media?parent=38"}],"curies":[{"name":"wp","href":"https:\/\/api.w.org\/{rel}","templated":true}]}}